{"id":17,"date":"2022-02-24T14:11:37","date_gmt":"2022-02-24T14:11:37","guid":{"rendered":"https:\/\/ecosteamdevelopment.com\/?page_id=17"},"modified":"2024-11-04T15:48:27","modified_gmt":"2024-11-04T12:48:27","slug":"about","status":"publish","type":"page","link":"https:\/\/ecosteamdevelopment.com\/lt\/about\/","title":{"rendered":"Apie"},"content":{"rendered":"<div><\/div>\n<h2>Ap\u017evalga<\/h2>\n<div>\u201eEcoSTEAM Development\u201c yra \u201eErasmus+\u201c projektas, kurio tikslas \u2013 skatinti vidurini\u0173 mokykl\u0173 mokini\u0173 STEAM \u0161vietim\u0105, aplinkosaugin\u012f s\u0105moningum\u0105 ir tvarum\u0105. Naudodamas ir si\u016blydamas naujovi\u0161kus mokymo metodus, jis skatina \u012fsitraukim\u0105 ir susidom\u0117jim\u0105 mokslin\u0117mis temomis, padeda studentams ugdyti mokslin\u012f pilieti\u0161kum\u0105 ir ateities \u012fsidarbinimo galimybes STEAM srityse. Visus jos darbus galima rasti svetain\u0117je, joje si\u016blomi veiklos planai penkioms skirtingoms temoms, kurios suskirstytos \u012f daugiau potemi\u0173 ir mokslinius po\u017ei\u016brius.\n<\/div>\n<p><img decoding=\"async\" src=\"\/wp-content\/uploads\/2024\/09\/EcoSTEAM-About-08.svg\" alt=\"EcoSTEAM - About\"><\/p>\n<h2>Tikslas<\/h2>\n<div>EcoSTEAM yra projektas, kurio tikslas \u2013 suteikti pedagogams ir mokiniams galimyb\u0119 integruoti STEAM (mokslo, technologij\u0173, in\u017einerijos, men\u0173 ir matematikos) \u0161vietim\u0105 su aplinkosauginiu s\u0105moningumu, ugdanti(s) kritin\u012f m\u0105stym\u0105, k\u016brybi\u0161kum\u0105 ir problem\u0173 sprendimo \u012fg\u016bd\u017eius. Pl\u0117todamas ekologin\u012f ra\u0161tingum\u0105 ir skatindamas tvari\u0105 praktik\u0105, projektas suteikia jauniems asmenims \u017eini\u0173 ir kompetencij\u0173, reikaling\u0173 norint spr\u0119sti aplinkosaugos i\u0161\u0161\u016bkius ir s\u0117kmingai dirbti su STEAM susijusiose srityse. Programa rodo patirtinio mokymosi ir ekologin\u0117s atsakomyb\u0117s svarb\u0105, prisideda prie mokini\u0173 ir mokytoj\u0173 asmeninio, akademinio ir profesinio augimo. <\/div>\n<h2>U\u017edaviniai<\/h2>\n<ul>\n<li>\n<h3>1 u\u017edavinys<\/h3>\n<div>Sukurti i\u0161sam\u0173 i\u0161tekli\u0173 ir \u012franki\u0173 rinkin\u012f, skirt\u0105 informuoti ir palaikyti strukt\u016bras, skirtas STEAM (mokslo, technologij\u0173, in\u017einerijos, meno, matematikos) ugdymui integruoti su ekologiniu ra\u0161tingumu.\n<\/div>\n<\/li>\n<li>\n<h3>2 u\u017edavinys<\/h3>\n<div>Taikant praktinius, inovatyvius mokymosi metodus padidinti mokini\u0173 ekologin\u012f s\u0105moningum\u0105 ir STEAM \u017einias, \u012fgalinti juos atsakingai reaguoti \u012f aplinkos i\u0161\u0161\u016bkius.\n<\/div>\n<\/li>\n<li>\n<h3>3 u\u017edavinys<\/h3>\n<div>Suteikti pedagogams galimyb\u0119 \u012f STEAM ugdym\u0105 integruoti ekologin\u012f ra\u0161tingum\u0105, apr\u016bpinant juos \u012frankiais, metodikomis ir mokymais, kaip integruoti ekologij\u0105 \u012f \u012fvairius dalykus.\n<\/div>\n<\/li>\n<li>\n<h3>4 u\u017edavinys<\/h3>\n<div>Skatinti tarpdisciplinin\u012f ekologin\u012f \u0161vietim\u0105, gilinti mokini\u0173 k\u016brybi\u0161kumo, kritinio m\u0105stymo ir problem\u0173 sprendimo \u012fg\u016bd\u017eius, atkreipiant d\u0117mes\u012f \u012f tvarumo principais gr\u012fst\u0105 ugdym\u0105 taikant STEAM metodus.\n<\/div>\n<\/li>\n<\/ul>\n<div><\/div>\n<p><!--more--><br \/>\n<!-- {\"type\":\"layout\",\"children\":[{\"type\":\"section\",\"props\":{\"animation\":\"fade\",\"animation_delay\":\"250\",\"class\":\"DDth--align-top-sm\",\"css\":\"@media screen and (max-width: 1200px) {\\n    DD.el-section .uk-flex-middle {\\n      align-items: flex-start!important;\\n    }\\n}\",\"height\":\"section\",\"image\":\"wp-content\\\/uploads\\\/2024\\\/09\\\/bg-top-right-07.svg\",\"image_position\":\"top-right\",\"media_focal_point\":\"top-right\",\"media_visibility\":\"l\",\"padding_remove_bottom\":false,\"style\":\"default\",\"title_breakpoint\":\"xl\",\"title_position\":\"top-left\",\"title_rotation\":\"left\",\"vertical_align\":\"\",\"width\":\"default\"},\"children\":[{\"type\":\"row\",\"props\":{\"layout\":\"1-2,1-2\"},\"children\":[{\"type\":\"column\",\"props\":{\"image_position\":\"center-center\",\"order_first\":\"xs\",\"position_sticky_breakpoint\":\"m\",\"vertical_align\":\"middle\",\"width_medium\":\"1-2\"},\"children\":[{\"type\":\"yoo_spacer\",\"props\":{\"spacer_element\":\"div\",\"spacer_height\":25,\"visibility\":\"l\"},\"name\":\"15px Visible large\"},{\"type\":\"breadcrumbs\",\"props\":{\"margin\":\"default\",\"margin_remove_bottom\":false,\"margin_remove_top\":false,\"show_current\":true,\"show_home\":true},\"name\":\"Margin - default\"},{\"type\":\"headline\",\"props\":{\"margin_remove_top\":true,\"title_element\":\"h1\",\"title_style\":\"heading-medium\"},\"source\":{\"query\":{\"name\":\"pages.singlePage\"},\"props\":{\"content\":{\"filters\":{\"search\":\"\"},\"name\":\"title\"}}},\"name\":\"h1 medium - Remove top margin\"},{\"type\":\"headline\",\"props\":{\"content\":\"Overview\",\"margin_remove_top\":false,\"title_element\":\"h2\",\"title_style\":\"heading-small\"},\"name\":\"h1 medium - Remove top margin\"},{\"type\":\"text\",\"props\":{\"column_breakpoint\":\"m\",\"content\":\"EcoSTEAM Development is an Erasmus+ project focusing and aiming at boosting STEAM education with environmental awareness and sustainability among secondary school students. Using and offering innovative teaching methods, it creates engagement and interest in scientific topics, and helps students develop scientific citizenship and future employability in STEAM fields. All its work can be found in the website and it offers activity plans for five different topics that are divided into more subtopics and scientific approaches.\\n\",\"margin\":\"default\"}}]},{\"type\":\"column\",\"props\":{\"image_position\":\"center-center\",\"position_sticky_breakpoint\":\"m\",\"width_medium\":\"1-2\"},\"children\":[{\"type\":\"image\",\"props\":{\"block_align\":\"right\",\"block_align_breakpoint\":\"m\",\"block_align_fallback\":\"center\",\"image\":\"wp-content\\\/uploads\\\/2024\\\/09\\\/EcoSTEAM-About-08.svg\",\"image_alt\":\"EcoSTEAM - About\",\"image_height\":500,\"image_svg_color\":\"emphasis\",\"margin\":\"default\",\"maxwidth\":\"large\",\"text_align\":\"right\",\"text_align_breakpoint\":\"s\",\"text_align_fallback\":\"center\",\"visibility\":\"m\"}}]}]},{\"type\":\"row\",\"children\":[{\"type\":\"column\",\"props\":{\"image_position\":\"center-center\",\"position_sticky_breakpoint\":\"m\"},\"children\":[{\"type\":\"headline\",\"props\":{\"content\":\"Aim\",\"margin_remove_top\":false,\"title_element\":\"h2\",\"title_style\":\"heading-small\"},\"name\":\"h1 medium - Remove top margin\"},{\"type\":\"text\",\"props\":{\"column_breakpoint\":\"m\",\"content\":\"The EcoSTEAM is a project focusing on empowering educators and students to integrate STEAM (Science, Technology, Engineering, Arts, and Mathematics) education with environmental awareness, developing critical thinking, creativity, and problem-solving skills. By developing ecological literacy and promoting sustainable practices, the project equips young individuals with the knowledge and competencies necessary to address environmental challenges and succeed in future STEAM-related careers. The program suggests the importance of experiential learning and ecological responsibility, contributing to students\\u2019 personal, academic, and professional growth. \",\"margin\":\"default\",\"maxwidth\":\"2xlarge\"}}]}]},{\"type\":\"row\",\"children\":[{\"type\":\"column\",\"props\":{\"image_position\":\"center-center\",\"position_sticky_breakpoint\":\"m\"},\"children\":[{\"type\":\"headline\",\"props\":{\"content\":\"Objectives\",\"margin_remove_top\":false,\"title_element\":\"h2\",\"title_style\":\"heading-small\"},\"name\":\"h1 medium - Remove top margin\"},{\"name\":\"Accordion Image Top\",\"type\":\"accordion\",\"children\":[{\"type\":\"accordion_item\",\"props\":{\"content\":\"Develop a comprehensive set of resources and tools to promote awareness and support structures for the integration of STEAM (Science, Technology, Engineering, Art, Mathematics) education with ecological literacy.\\n\",\"image\":\"\",\"title\":\"Objective 1\"}},{\"type\":\"accordion_item\",\"props\":{\"content\":\"Heighten students' eco-awareness and STEAM knowledge, empowering them to act responsibly towards environmental challenges through hands-on, innovative learning methods.\\n\",\"image\":\"\",\"title\":\"Objective 2\"}},{\"type\":\"accordion_item\",\"props\":{\"content\":\"Enable educators to provide STEAM-based, eco-conscious education by equipping them with tools, methodologies, and training for integrating ecology into various subjects.\\n\",\"image\":\"\",\"title\":\"Objective 3\"}},{\"type\":\"accordion_item\",\"props\":{\"content\":\"Stimulate interdisciplinary, eco-informed education to encourage students' creativity, critical thinking, and problem-solving skills, specifically addressing environmental sustainability through STEAM approaches.\\n\",\"image\":\"\",\"title\":\"Objective 4\"}}],\"props\":{\"class\":\"partners-accordion\",\"collapsible\":true,\"content_column_breakpoint\":\"m\",\"content_dropcap\":false,\"id\":\"accordion-image-top\",\"image_align\":\"top\",\"image_grid_breakpoint\":\"m\",\"image_grid_width\":\"1-2\",\"image_height\":\"300\",\"image_svg_color\":\"emphasis\",\"link_style\":\"primary\",\"link_target\":true,\"link_text\":\"[website_text]\",\"maxwidth\":\"xlarge\",\"multiple\":false,\"show_image\":false,\"show_link\":true,\"text_align\":\"center\",\"title_element\":\"h3\"}}]}]},{\"type\":\"row\",\"children\":[{\"type\":\"column\",\"props\":{\"image_position\":\"center-center\",\"position_sticky_breakpoint\":\"m\"}}]}],\"name\":\"lg-screen - Middle align\"},{\"type\":\"section\",\"props\":{\"height_viewport\":100,\"image\":\"wp-content\\\/uploads\\\/2024\\\/09\\\/bg-bottom-07-07.svg\",\"image_position\":\"bottom-left\",\"padding\":\"none\",\"padding_remove_bottom\":true,\"padding_remove_top\":true,\"style\":\"default\",\"title_breakpoint\":\"xl\",\"title_position\":\"top-left\",\"title_rotation\":\"left\",\"vertical_align\":\"\",\"width\":\"default\"},\"children\":[{\"type\":\"row\",\"children\":[{\"type\":\"column\",\"props\":{\"image_position\":\"center-center\",\"position_sticky_breakpoint\":\"m\"},\"children\":[{\"type\":\"yoo_spacer\",\"props\":{\"spacer_element\":\"div\",\"spacer_height\":450}}]}]}],\"name\":\"Bottom section\"}],\"version\":\"4.4.8\"} --><\/p>","protected":false},"excerpt":{"rendered":"<p>Overview EcoSTEAM Development is an Erasmus+ project focusing and aiming at boosting STEAM education with environmental awareness and sustainability among secondary school students. Using and..<\/p>","protected":false},"author":1,"featured_media":0,"parent":0,"menu_order":0,"comment_status":"closed","ping_status":"closed","template":"","meta":{"_acf_changed":false,"inline_featured_image":false,"footnotes":""},"class_list":["post-17","page","type-page","status-publish","hentry"],"acf":[],"_links":{"self":[{"href":"https:\/\/ecosteamdevelopment.com\/lt\/wp-json\/wp\/v2\/pages\/17","targetHints":{"allow":["GET"]}}],"collection":[{"href":"https:\/\/ecosteamdevelopment.com\/lt\/wp-json\/wp\/v2\/pages"}],"about":[{"href":"https:\/\/ecosteamdevelopment.com\/lt\/wp-json\/wp\/v2\/types\/page"}],"author":[{"embeddable":true,"href":"https:\/\/ecosteamdevelopment.com\/lt\/wp-json\/wp\/v2\/users\/1"}],"replies":[{"embeddable":true,"href":"https:\/\/ecosteamdevelopment.com\/lt\/wp-json\/wp\/v2\/comments?post=17"}],"version-history":[{"count":49,"href":"https:\/\/ecosteamdevelopment.com\/lt\/wp-json\/wp\/v2\/pages\/17\/revisions"}],"predecessor-version":[{"id":857,"href":"https:\/\/ecosteamdevelopment.com\/lt\/wp-json\/wp\/v2\/pages\/17\/revisions\/857"}],"wp:attachment":[{"href":"https:\/\/ecosteamdevelopment.com\/lt\/wp-json\/wp\/v2\/media?parent=17"}],"curies":[{"name":"wp","href":"https:\/\/api.w.org\/{rel}","templated":true}]}}