{"id":16,"date":"2022-02-24T14:11:37","date_gmt":"2022-02-24T14:11:37","guid":{"rendered":"https:\/\/ecosteamdevelopment.com\/?page_id=16"},"modified":"2024-12-09T17:07:15","modified_gmt":"2024-12-09T14:07:15","slug":"home-2","status":"publish","type":"page","link":"https:\/\/ecosteamdevelopment.com\/tr\/","title":{"rendered":"Ana Sayfa"},"content":{"rendered":"<div><\/div>\n<div>EcoSTEAM Development, STEAM e\u011fitiminin (Bilim, Teknoloji, M\u00fchendislik, Sanat ve Matematik) \u00f6\u011frencilerin \u00e7evre hakk\u0131nda bilgi edinmelerine nas\u0131l yard\u0131mc\u0131 olabilece\u011fini geli\u015ftirmeye odaklanan bir Erasmus + projesidir. \u00d6zellikle ortaokul \u00f6\u011frencileri i\u00e7in ekolojik s\u00fcrd\u00fcr\u00fclebilirlik ve iklim de\u011fi\u015fikli\u011finin etkisini azaltman\u0131n yollar\u0131 hakk\u0131nda fark\u0131ndal\u0131k yaratabilecek \u00f6\u011fretim y\u00f6ntemleri ve etkinlikleri olu\u015fturmaya ve sunmaya odaklanmaktad\u0131r. <\/div>\n<p>\n    <a href=\"\/tr\/about\/\">Devam\u0131n\u0131 oku<\/a>\n<\/p>\n<p><img decoding=\"async\" src=\"\/wp-content\/uploads\/2024\/09\/EcoSTEAM-welcome-illu-08.svg\" alt=\"EcoSTEAM-welcome\"><\/p>\n<div><\/div>\n<p><!--more--><br \/>\n<!-- {\"type\":\"layout\",\"children\":[{\"type\":\"section\",\"props\":{\"animation\":\"fade\",\"animation_delay\":\"250\",\"class\":\"th--align-top-sm\",\"css\":\"@media screen and (max-width: 1200px) {\\n    .el-section .uk-flex-middle {\\n      align-items: flex-start!important;\\n    }\\n}\",\"height\":\"page\",\"image\":\"wp-content\\\/uploads\\\/2024\\\/09\\\/bg-top-right-07.svg\",\"image_position\":\"top-right\",\"image_size\":\"cover\",\"media_focal_point\":\"top-right\",\"media_visibility\":\"l\",\"style\":\"default\",\"title_breakpoint\":\"xl\",\"title_position\":\"top-left\",\"title_rotation\":\"left\",\"vertical_align\":\"\",\"width\":\"default\"},\"children\":[{\"type\":\"row\",\"props\":{\"layout\":\"1-2,1-2\"},\"children\":[{\"type\":\"column\",\"props\":{\"image_position\":\"center-center\",\"order_first\":\"xs\",\"position_sticky_breakpoint\":\"m\",\"vertical_align\":\"middle\",\"width_medium\":\"1-2\"},\"children\":[{\"type\":\"yoo_spacer\",\"props\":{\"spacer_element\":\"div\",\"spacer_height\":\"50\",\"visibility\":\"m\"}},{\"type\":\"text\",\"props\":{\"column_breakpoint\":\"m\",\"content\":\"EcoSTEAM Development is an Erasmus+ project focused on improving how STEAM education (Science, Technology, Engineering, Arts, and Mathematics) can help students learn about the environment. It focuses on creating and offering teaching methods and activities that can raise awareness about ecological sustainability and ways to reduce the impact of climate change, especially for secondary school students. \",\"margin\":\"default\",\"maxwidth\":\"large\",\"text_style\":\"lead\"}},{\"type\":\"button\",\"props\":{\"grid_column_gap\":\"small\",\"grid_row_gap\":\"small\",\"margin\":\"default\"},\"children\":[{\"type\":\"button_item\",\"props\":{\"button_style\":\"primary\",\"content\":\"[readmore_text]\",\"icon_align\":\"left\",\"link\":\"about\"}}]}]},{\"type\":\"column\",\"props\":{\"image_position\":\"center-center\",\"position_sticky_breakpoint\":\"m\",\"width_medium\":\"1-2\"},\"children\":[{\"type\":\"image\",\"props\":{\"block_align\":\"right\",\"block_align_breakpoint\":\"m\",\"block_align_fallback\":\"center\",\"image\":\"wp-content\\\/uploads\\\/2024\\\/09\\\/EcoSTEAM-welcome-illu-08.svg\",\"image_alt\":\"EcoSTEAM-welcome\",\"image_height\":500,\"image_svg_color\":\"emphasis\",\"margin\":\"default\",\"maxwidth\":\"large\",\"text_align\":\"right\",\"text_align_breakpoint\":\"s\",\"text_align_fallback\":\"center\"}}]}]},{\"type\":\"row\",\"children\":[{\"type\":\"column\",\"props\":{\"image_position\":\"center-center\",\"position_sticky_breakpoint\":\"m\"},\"children\":[{\"type\":\"yoo_spacer\",\"props\":{\"spacer_element\":\"div\",\"spacer_height\":400}}]}]}],\"name\":\"lg-screen - Middle align\"}],\"version\":\"4.4.8\"} --><\/p>","protected":false},"excerpt":{"rendered":"<p>EcoSTEAM Development is an Erasmus+ project focused on improving how STEAM education (Science, Technology, Engineering, Arts, and Mathematics) can help students learn about the environment&#8230;<\/p>","protected":false},"author":1,"featured_media":0,"parent":0,"menu_order":0,"comment_status":"closed","ping_status":"closed","template":"","meta":{"_acf_changed":false,"inline_featured_image":false,"footnotes":""},"class_list":["post-16","page","type-page","status-publish","hentry"],"acf":[],"_links":{"self":[{"href":"https:\/\/ecosteamdevelopment.com\/tr\/wp-json\/wp\/v2\/pages\/16","targetHints":{"allow":["GET"]}}],"collection":[{"href":"https:\/\/ecosteamdevelopment.com\/tr\/wp-json\/wp\/v2\/pages"}],"about":[{"href":"https:\/\/ecosteamdevelopment.com\/tr\/wp-json\/wp\/v2\/types\/page"}],"author":[{"embeddable":true,"href":"https:\/\/ecosteamdevelopment.com\/tr\/wp-json\/wp\/v2\/users\/1"}],"replies":[{"embeddable":true,"href":"https:\/\/ecosteamdevelopment.com\/tr\/wp-json\/wp\/v2\/comments?post=16"}],"version-history":[{"count":77,"href":"https:\/\/ecosteamdevelopment.com\/tr\/wp-json\/wp\/v2\/pages\/16\/revisions"}],"predecessor-version":[{"id":869,"href":"https:\/\/ecosteamdevelopment.com\/tr\/wp-json\/wp\/v2\/pages\/16\/revisions\/869"}],"wp:attachment":[{"href":"https:\/\/ecosteamdevelopment.com\/tr\/wp-json\/wp\/v2\/media?parent=16"}],"curies":[{"name":"wp","href":"https:\/\/api.w.org\/{rel}","templated":true}]}}