{"id":17,"date":"2022-02-24T14:11:37","date_gmt":"2022-02-24T14:11:37","guid":{"rendered":"https:\/\/ecosteamdevelopment.com\/?page_id=17"},"modified":"2024-11-04T15:48:27","modified_gmt":"2024-11-04T12:48:27","slug":"about","status":"publish","type":"page","link":"https:\/\/ecosteamdevelopment.com\/tr\/about\/","title":{"rendered":"Hakk\u0131nda"},"content":{"rendered":"<div><\/div>\n<h2>Genel Bak\u0131\u015f<\/h2>\n<div>EcoSTEAM Development, ortaokul \u00f6\u011frencileri aras\u0131nda \u00e7evre bilinci ve s\u00fcrd\u00fcr\u00fclebilirlik ile STEAM e\u011fitimini art\u0131rmaya odaklanan ve bunu ama\u00e7layan bir Erasmus+ projesidir. Yenilik\u00e7i \u00f6\u011fretim y\u00f6ntemleri kullanarak ve sunarak, bilimsel konulara kat\u0131l\u0131m ve ilgi yarat\u0131r ve \u00f6\u011frencilerin bilimsel vatanda\u015fl\u0131k ve STEAM alanlar\u0131nda gelecekteki istihdam edilebilirliklerini geli\u015ftirmelerine yard\u0131mc\u0131 olur. T\u00fcm \u00e7al\u0131\u015fmalar\u0131 web sitesinde bulunabilir ve daha fazla alt konuya ve bilimsel yakla\u015f\u0131ma b\u00f6l\u00fcnm\u00fc\u015f be\u015f farkl\u0131 konu i\u00e7in etkinlik planlar\u0131 sunar.\n<\/div>\n<p><img decoding=\"async\" src=\"\/wp-content\/uploads\/2024\/09\/EcoSTEAM-About-08.svg\" alt=\"EcoSTEAM - About\"><\/p>\n<h2>Ama\u00e7<\/h2>\n<div>EcoSTEAM, STEAM (Bilim, Teknoloji, M\u00fchendislik, Sanat ve Matematik) e\u011fitimini \u00e7evre bilinci ile b\u00fct\u00fcnle\u015ftirmek, ele\u015ftirel d\u00fc\u015f\u00fcnme, yarat\u0131c\u0131l\u0131k ve problem \u00e7\u00f6zme becerilerini geli\u015ftirmek i\u00e7in e\u011fitimcileri ve \u00f6\u011frencileri g\u00fc\u00e7lendirmeye odaklanan bir projedir. Ekolojik okuryazarl\u0131\u011f\u0131 geli\u015ftirerek ve s\u00fcrd\u00fcr\u00fclebilir uygulamalar\u0131 te\u015fvik ederek, proje gen\u00e7 bireyleri \u00e7evresel zorluklar\u0131 ele almak ve gelecekteki STEAM ile ilgili kariyerlerde ba\u015far\u0131l\u0131 olmak i\u00e7in gerekli bilgi ve yetkinliklerle donatmaktad\u0131r. Program, deneyimsel \u00f6\u011frenme ve ekolojik sorumlulu\u011fun \u00f6nemini ortaya koyarak \u00f6\u011frencilerin ki\u015fisel, akademik ve mesleki geli\u015fimlerine katk\u0131da bulunuyor. <\/div>\n<h2>Hedefler<\/h2>\n<ul>\n<li>\n<h3>Hedef 1<\/h3>\n<div>STEAM (Bilim, Teknoloji, M\u00fchendislik, Sanat, Matematik) e\u011fitiminin ekolojik okuryazarl\u0131kla b\u00fct\u00fcnle\u015ftirilmesine y\u00f6nelik fark\u0131ndal\u0131\u011f\u0131 ve destek yap\u0131lar\u0131n\u0131 te\u015fvik etmek i\u00e7in kapsaml\u0131 bir kaynak ve ara\u00e7 seti geli\u015ftirmek.\n<\/div>\n<\/li>\n<li>\n<h3>Hedef 2<\/h3>\n<div>\u00d6\u011frencilerin eko-fark\u0131ndal\u0131klar\u0131n\u0131 ve STEAM bilgilerini art\u0131rarak, uygulamal\u0131, yenilik\u00e7i \u00f6\u011frenme y\u00f6ntemleriyle \u00e7evresel zorluklara kar\u015f\u0131 sorumlu bir \u015fekilde hareket etmelerini sa\u011flamak.\n<\/div>\n<\/li>\n<li>\n<h3>Hedef 3<\/h3>\n<div>E\u011fitimcileri ekolojiyi \u00e7e\u015fitli konulara entegre etmek i\u00e7in ara\u00e7lar, metodolojiler ve e\u011fitimlerle donatarak STEAM tabanl\u0131, eko-bilin\u00e7li e\u011fitim vermelerini sa\u011flamak.\n<\/div>\n<\/li>\n<li>\n<h3>Hedef 4<\/h3>\n<div>\u00d6\u011frencilerin yarat\u0131c\u0131l\u0131\u011f\u0131n\u0131, ele\u015ftirel d\u00fc\u015f\u00fcnme ve problem \u00e7\u00f6zme becerilerini te\u015fvik etmek i\u00e7in disiplinler aras\u0131, eko-bilgilendirilmi\u015f e\u011fitimi te\u015fvik etmek, \u00f6zellikle STEAM yakla\u015f\u0131mlar\u0131 arac\u0131l\u0131\u011f\u0131yla \u00e7evresel s\u00fcrd\u00fcr\u00fclebilirli\u011fi ele almak.\n<\/div>\n<\/li>\n<\/ul>\n<div><\/div>\n<p><!--more--><br \/>\n<!-- {\"type\":\"layout\",\"children\":[{\"type\":\"section\",\"props\":{\"animation\":\"fade\",\"animation_delay\":\"250\",\"class\":\"DDth--align-top-sm\",\"css\":\"@media screen and (max-width: 1200px) {\\n    DD.el-section .uk-flex-middle {\\n      align-items: flex-start!important;\\n    }\\n}\",\"height\":\"section\",\"image\":\"wp-content\\\/uploads\\\/2024\\\/09\\\/bg-top-right-07.svg\",\"image_position\":\"top-right\",\"media_focal_point\":\"top-right\",\"media_visibility\":\"l\",\"padding_remove_bottom\":false,\"style\":\"default\",\"title_breakpoint\":\"xl\",\"title_position\":\"top-left\",\"title_rotation\":\"left\",\"vertical_align\":\"\",\"width\":\"default\"},\"children\":[{\"type\":\"row\",\"props\":{\"layout\":\"1-2,1-2\"},\"children\":[{\"type\":\"column\",\"props\":{\"image_position\":\"center-center\",\"order_first\":\"xs\",\"position_sticky_breakpoint\":\"m\",\"vertical_align\":\"middle\",\"width_medium\":\"1-2\"},\"children\":[{\"type\":\"yoo_spacer\",\"props\":{\"spacer_element\":\"div\",\"spacer_height\":25,\"visibility\":\"l\"},\"name\":\"15px Visible large\"},{\"type\":\"breadcrumbs\",\"props\":{\"margin\":\"default\",\"margin_remove_bottom\":false,\"margin_remove_top\":false,\"show_current\":true,\"show_home\":true},\"name\":\"Margin - default\"},{\"type\":\"headline\",\"props\":{\"margin_remove_top\":true,\"title_element\":\"h1\",\"title_style\":\"heading-medium\"},\"source\":{\"query\":{\"name\":\"pages.singlePage\"},\"props\":{\"content\":{\"filters\":{\"search\":\"\"},\"name\":\"title\"}}},\"name\":\"h1 medium - Remove top margin\"},{\"type\":\"headline\",\"props\":{\"content\":\"Overview\",\"margin_remove_top\":false,\"title_element\":\"h2\",\"title_style\":\"heading-small\"},\"name\":\"h1 medium - Remove top margin\"},{\"type\":\"text\",\"props\":{\"column_breakpoint\":\"m\",\"content\":\"EcoSTEAM Development is an Erasmus+ project focusing and aiming at boosting STEAM education with environmental awareness and sustainability among secondary school students. Using and offering innovative teaching methods, it creates engagement and interest in scientific topics, and helps students develop scientific citizenship and future employability in STEAM fields. All its work can be found in the website and it offers activity plans for five different topics that are divided into more subtopics and scientific approaches.\\n\",\"margin\":\"default\"}}]},{\"type\":\"column\",\"props\":{\"image_position\":\"center-center\",\"position_sticky_breakpoint\":\"m\",\"width_medium\":\"1-2\"},\"children\":[{\"type\":\"image\",\"props\":{\"block_align\":\"right\",\"block_align_breakpoint\":\"m\",\"block_align_fallback\":\"center\",\"image\":\"wp-content\\\/uploads\\\/2024\\\/09\\\/EcoSTEAM-About-08.svg\",\"image_alt\":\"EcoSTEAM - About\",\"image_height\":500,\"image_svg_color\":\"emphasis\",\"margin\":\"default\",\"maxwidth\":\"large\",\"text_align\":\"right\",\"text_align_breakpoint\":\"s\",\"text_align_fallback\":\"center\",\"visibility\":\"m\"}}]}]},{\"type\":\"row\",\"children\":[{\"type\":\"column\",\"props\":{\"image_position\":\"center-center\",\"position_sticky_breakpoint\":\"m\"},\"children\":[{\"type\":\"headline\",\"props\":{\"content\":\"Aim\",\"margin_remove_top\":false,\"title_element\":\"h2\",\"title_style\":\"heading-small\"},\"name\":\"h1 medium - Remove top margin\"},{\"type\":\"text\",\"props\":{\"column_breakpoint\":\"m\",\"content\":\"The EcoSTEAM is a project focusing on empowering educators and students to integrate STEAM (Science, Technology, Engineering, Arts, and Mathematics) education with environmental awareness, developing critical thinking, creativity, and problem-solving skills. By developing ecological literacy and promoting sustainable practices, the project equips young individuals with the knowledge and competencies necessary to address environmental challenges and succeed in future STEAM-related careers. The program suggests the importance of experiential learning and ecological responsibility, contributing to students\\u2019 personal, academic, and professional growth. \",\"margin\":\"default\",\"maxwidth\":\"2xlarge\"}}]}]},{\"type\":\"row\",\"children\":[{\"type\":\"column\",\"props\":{\"image_position\":\"center-center\",\"position_sticky_breakpoint\":\"m\"},\"children\":[{\"type\":\"headline\",\"props\":{\"content\":\"Objectives\",\"margin_remove_top\":false,\"title_element\":\"h2\",\"title_style\":\"heading-small\"},\"name\":\"h1 medium - Remove top margin\"},{\"name\":\"Accordion Image Top\",\"type\":\"accordion\",\"children\":[{\"type\":\"accordion_item\",\"props\":{\"content\":\"Develop a comprehensive set of resources and tools to promote awareness and support structures for the integration of STEAM (Science, Technology, Engineering, Art, Mathematics) education with ecological literacy.\\n\",\"image\":\"\",\"title\":\"Objective 1\"}},{\"type\":\"accordion_item\",\"props\":{\"content\":\"Heighten students' eco-awareness and STEAM knowledge, empowering them to act responsibly towards environmental challenges through hands-on, innovative learning methods.\\n\",\"image\":\"\",\"title\":\"Objective 2\"}},{\"type\":\"accordion_item\",\"props\":{\"content\":\"Enable educators to provide STEAM-based, eco-conscious education by equipping them with tools, methodologies, and training for integrating ecology into various subjects.\\n\",\"image\":\"\",\"title\":\"Objective 3\"}},{\"type\":\"accordion_item\",\"props\":{\"content\":\"Stimulate interdisciplinary, eco-informed education to encourage students' creativity, critical thinking, and problem-solving skills, specifically addressing environmental sustainability through STEAM approaches.\\n\",\"image\":\"\",\"title\":\"Objective 4\"}}],\"props\":{\"class\":\"partners-accordion\",\"collapsible\":true,\"content_column_breakpoint\":\"m\",\"content_dropcap\":false,\"id\":\"accordion-image-top\",\"image_align\":\"top\",\"image_grid_breakpoint\":\"m\",\"image_grid_width\":\"1-2\",\"image_height\":\"300\",\"image_svg_color\":\"emphasis\",\"link_style\":\"primary\",\"link_target\":true,\"link_text\":\"[website_text]\",\"maxwidth\":\"xlarge\",\"multiple\":false,\"show_image\":false,\"show_link\":true,\"text_align\":\"center\",\"title_element\":\"h3\"}}]}]},{\"type\":\"row\",\"children\":[{\"type\":\"column\",\"props\":{\"image_position\":\"center-center\",\"position_sticky_breakpoint\":\"m\"}}]}],\"name\":\"lg-screen - Middle align\"},{\"type\":\"section\",\"props\":{\"height_viewport\":100,\"image\":\"wp-content\\\/uploads\\\/2024\\\/09\\\/bg-bottom-07-07.svg\",\"image_position\":\"bottom-left\",\"padding\":\"none\",\"padding_remove_bottom\":true,\"padding_remove_top\":true,\"style\":\"default\",\"title_breakpoint\":\"xl\",\"title_position\":\"top-left\",\"title_rotation\":\"left\",\"vertical_align\":\"\",\"width\":\"default\"},\"children\":[{\"type\":\"row\",\"children\":[{\"type\":\"column\",\"props\":{\"image_position\":\"center-center\",\"position_sticky_breakpoint\":\"m\"},\"children\":[{\"type\":\"yoo_spacer\",\"props\":{\"spacer_element\":\"div\",\"spacer_height\":450}}]}]}],\"name\":\"Bottom section\"}],\"version\":\"4.4.8\"} --><\/p>","protected":false},"excerpt":{"rendered":"<p>Overview EcoSTEAM Development is an Erasmus+ project focusing and aiming at boosting STEAM education with environmental awareness and sustainability among secondary school students. Using and..<\/p>","protected":false},"author":1,"featured_media":0,"parent":0,"menu_order":0,"comment_status":"closed","ping_status":"closed","template":"","meta":{"_acf_changed":false,"inline_featured_image":false,"footnotes":""},"class_list":["post-17","page","type-page","status-publish","hentry"],"acf":[],"_links":{"self":[{"href":"https:\/\/ecosteamdevelopment.com\/tr\/wp-json\/wp\/v2\/pages\/17","targetHints":{"allow":["GET"]}}],"collection":[{"href":"https:\/\/ecosteamdevelopment.com\/tr\/wp-json\/wp\/v2\/pages"}],"about":[{"href":"https:\/\/ecosteamdevelopment.com\/tr\/wp-json\/wp\/v2\/types\/page"}],"author":[{"embeddable":true,"href":"https:\/\/ecosteamdevelopment.com\/tr\/wp-json\/wp\/v2\/users\/1"}],"replies":[{"embeddable":true,"href":"https:\/\/ecosteamdevelopment.com\/tr\/wp-json\/wp\/v2\/comments?post=17"}],"version-history":[{"count":49,"href":"https:\/\/ecosteamdevelopment.com\/tr\/wp-json\/wp\/v2\/pages\/17\/revisions"}],"predecessor-version":[{"id":857,"href":"https:\/\/ecosteamdevelopment.com\/tr\/wp-json\/wp\/v2\/pages\/17\/revisions\/857"}],"wp:attachment":[{"href":"https:\/\/ecosteamdevelopment.com\/tr\/wp-json\/wp\/v2\/media?parent=17"}],"curies":[{"name":"wp","href":"https:\/\/api.w.org\/{rel}","templated":true}]}}